{"id":4373,"date":"2025-01-24T16:24:04","date_gmt":"2025-01-24T16:24:04","guid":{"rendered":"https:\/\/clinicahispanametroplex.com\/?page_id=4373"},"modified":"2025-09-21T15:56:28","modified_gmt":"2025-09-21T15:56:28","slug":"examen-medico-de-inmigracion","status":"publish","type":"page","link":"https:\/\/clinicahispanametroplex.com\/en_en\/examen-medico-de-inmigracion\/","title":{"rendered":"Immigration medical examination"},"content":{"rendered":"<div data-elementor-type=\"wp-page\" data-elementor-id=\"4373\" class=\"elementor elementor-4373\">\n\t\t\t\t<div class=\"elementor-element elementor-element-758ae53 e-flex e-con-boxed e-con e-parent\" data-id=\"758ae53\" data-element_type=\"container\" data-e-type=\"container\">\n\t\t\t\t\t<div class=\"e-con-inner\">\n\t\t<div class=\"elementor-element elementor-element-7deba0c e-con-full e-flex e-con e-child\" data-id=\"7deba0c\" data-element_type=\"container\" data-e-type=\"container\">\n\t\t\t\t<div class=\"elementor-element elementor-element-6c6e4cc elementor-widget elementor-widget-heading\" data-id=\"6c6e4cc\" data-element_type=\"widget\" data-e-type=\"widget\" data-widget_type=\"heading.default\">\n\t\t\t\t<div class=\"elementor-widget-container\">\n\t\t\t\t\t<h2 class=\"elementor-heading-title elementor-size-default\">Immigration medical check-up for residency<\/h2>\t\t\t\t<\/div>\n\t\t\t\t<\/div>\n\t\t\t\t<div class=\"elementor-element elementor-element-6a5c598 elementor-widget elementor-widget-text-editor\" data-id=\"6a5c598\" data-element_type=\"widget\" data-e-type=\"widget\" data-widget_type=\"text-editor.default\">\n\t\t\t\t<div class=\"elementor-widget-container\">\n\t\t\t\t\t\t\t\t\t<p>At our clinics in Dallas and Fort Worth, we offer USCIS-authorized immigration medical checkups with fast service, affordable prices, and certified physicians.<\/p>\t\t\t\t\t\t\t\t<\/div>\n\t\t\t\t<\/div>\n\t\t\t\t<div class=\"elementor-element elementor-element-245e5f0 elementor-widget elementor-widget-button\" data-id=\"245e5f0\" data-element_type=\"widget\" data-e-type=\"widget\" data-widget_type=\"button.default\">\n\t\t\t\t<div class=\"elementor-widget-container\">\n\t\t\t\t\t\t\t\t\t<div class=\"elementor-button-wrapper\">\n\t\t\t\t\t<a class=\"elementor-button elementor-button-link elementor-size-sm\" href=\"https:\/\/clinicahispanametroplex.com\/en_en\/reserva\/\">\n\t\t\t\t\t\t<span class=\"elementor-button-content-wrapper\">\n\t\t\t\t\t\t\t\t\t<span class=\"elementor-button-text\">Schedule your appointment today<\/span>\n\t\t\t\t\t<\/span>\n\t\t\t\t\t<\/a>\n\t\t\t\t<\/div>\n\t\t\t\t\t\t\t\t<\/div>\n\t\t\t\t<\/div>\n\t\t\t\t<\/div>\n\t\t<div class=\"elementor-element elementor-element-7ef53ce e-con-full e-flex e-con e-child\" data-id=\"7ef53ce\" data-element_type=\"container\" data-e-type=\"container\">\n\t\t\t\t<div class=\"elementor-element elementor-element-be81be1 elementor-widget elementor-widget-image\" data-id=\"be81be1\" data-element_type=\"widget\" data-e-type=\"widget\" data-widget_type=\"image.default\">\n\t\t\t\t<div class=\"elementor-widget-container\">\n\t\t\t\t\t\t\t\t\t\t\t\t\t\t\t<img decoding=\"async\" width=\"300\" height=\"300\" data-src=\"https:\/\/clinicahispanametroplex.com\/wp-content\/uploads\/2025\/01\/chequeo-medico-de-inmigracion-para-la-residencia-300x300.webp\" class=\"attachment-medium size-medium wp-image-4377 lazyload\" alt=\"examen m\u00e9dico de inmigraci\u00f3n para la residencia\" data-srcset=\"https:\/\/clinicahispanametroplex.com\/wp-content\/uploads\/2025\/01\/chequeo-medico-de-inmigracion-para-la-residencia-300x300.webp 300w, https:\/\/clinicahispanametroplex.com\/wp-content\/uploads\/2025\/01\/chequeo-medico-de-inmigracion-para-la-residencia-1024x1024.webp 1024w, https:\/\/clinicahispanametroplex.com\/wp-content\/uploads\/2025\/01\/chequeo-medico-de-inmigracion-para-la-residencia-150x150.webp 150w, https:\/\/clinicahispanametroplex.com\/wp-content\/uploads\/2025\/01\/chequeo-medico-de-inmigracion-para-la-residencia-768x768.webp 768w, https:\/\/clinicahispanametroplex.com\/wp-content\/uploads\/2025\/01\/chequeo-medico-de-inmigracion-para-la-residencia-12x12.webp 12w, https:\/\/clinicahispanametroplex.com\/wp-content\/uploads\/2025\/01\/chequeo-medico-de-inmigracion-para-la-residencia.webp 1080w\" data-sizes=\"auto, (max-width: 300px) 100vw, 300px\" src=\"data:image\/svg+xml;base64,PHN2ZyB3aWR0aD0iMSIgaGVpZ2h0PSIxIiB4bWxucz0iaHR0cDovL3d3dy53My5vcmcvMjAwMC9zdmciPjwvc3ZnPg==\" style=\"--smush-placeholder-width: 300px; --smush-placeholder-aspect-ratio: 300\/300;\" \/>\t\t\t\t\t\t\t\t\t\t\t\t\t\t\t<\/div>\n\t\t\t\t<\/div>\n\t\t\t\t<\/div>\n\t\t\t\t\t<\/div>\n\t\t\t\t<\/div>\n\t\t<div class=\"elementor-element elementor-element-0a021aa e-flex e-con-boxed e-con e-parent\" data-id=\"0a021aa\" data-element_type=\"container\" data-e-type=\"container\">\n\t\t\t\t\t<div class=\"e-con-inner\">\n\t\t\t\t<div class=\"elementor-element elementor-element-017feaf elementor-widget elementor-widget-heading\" data-id=\"017feaf\" data-element_type=\"widget\" data-e-type=\"widget\" data-widget_type=\"heading.default\">\n\t\t\t\t<div class=\"elementor-widget-container\">\n\t\t\t\t\t<h2 class=\"elementor-heading-title elementor-size-default\">What is the medical check-up for residency? <\/h2>\t\t\t\t<\/div>\n\t\t\t\t<\/div>\n\t\t\t\t<div class=\"elementor-element elementor-element-199f208 elementor-widget elementor-widget-text-editor\" data-id=\"199f208\" data-element_type=\"widget\" data-e-type=\"widget\" data-widget_type=\"text-editor.default\">\n\t\t\t\t<div class=\"elementor-widget-container\">\n\t\t\t\t\t\t\t\t\t<p>It is a mandatory requirement established by USCIS for those in the process of obtaining their Green Card. This exam verifies your health status and ensures that you meet the medical requirements for permanent residency.<\/p><ul><li>Complete physical examinations.<\/li><li>Vaccinations required according to USCIS. <a href=\"https:\/\/clinicahispanametroplex.com\/en_en\/chequeos-medicos\/que-necesito-para-la-residencia-permanente-examenes-medicos-y-vacunas\/\">See required vaccines.<\/a><\/li><li>Laboratory tests.<\/li><li>Form I-693 completed and sealed.<\/li><\/ul>\t\t\t\t\t\t\t\t<\/div>\n\t\t\t\t<\/div>\n\t\t\t\t<div class=\"elementor-element elementor-element-36c4419 elementor-widget elementor-widget-heading\" data-id=\"36c4419\" data-element_type=\"widget\" data-e-type=\"widget\" data-widget_type=\"heading.default\">\n\t\t\t\t<div class=\"elementor-widget-container\">\n\t\t\t\t\t<h2 class=\"elementor-heading-title elementor-size-default\">Who performs the immigration medical check? <\/h2>\t\t\t\t<\/div>\n\t\t\t\t<\/div>\n\t\t\t\t<div class=\"elementor-element elementor-element-fc2429e elementor-widget elementor-widget-text-editor\" data-id=\"fc2429e\" data-element_type=\"widget\" data-e-type=\"widget\" data-widget_type=\"text-editor.default\">\n\t\t\t\t<div class=\"elementor-widget-container\">\n\t\t\t\t\t\t\t\t\t<p>Our doctors are designated by USCIS and have experience in providing care to immigrants. We guarantee professional, prompt service that meets official standards.<\/p>\t\t\t\t\t\t\t\t<\/div>\n\t\t\t\t<\/div>\n\t\t\t\t<div class=\"elementor-element elementor-element-6e24f17 elementor-widget elementor-widget-heading\" data-id=\"6e24f17\" data-element_type=\"widget\" data-e-type=\"widget\" data-widget_type=\"heading.default\">\n\t\t\t\t<div class=\"elementor-widget-container\">\n\t\t\t\t\t<h2 class=\"elementor-heading-title elementor-size-default\">Benefits of choosing us <\/h2>\t\t\t\t<\/div>\n\t\t\t\t<\/div>\n\t\t\t\t<div class=\"elementor-element elementor-element-128de9c elementor-widget elementor-widget-text-editor\" data-id=\"128de9c\" data-element_type=\"widget\" data-e-type=\"widget\" data-widget_type=\"text-editor.default\">\n\t\t\t\t<div class=\"elementor-widget-container\">\n\t\t\t\t\t\t\t\t\t<ul><li><strong>Flexible appointments:<\/strong> Convenient times for your schedule.<\/li><li><strong>Central location:<\/strong> Easy access from Dallas, Fort Worth and nearby areas.<\/li><li><strong>Clear prices:<\/strong> No hidden costs, know the price from the start.<\/li><li><strong>Spanish language support:<\/strong> We&#039;ll explain each step in your language.<\/li><\/ul>\t\t\t\t\t\t\t\t<\/div>\n\t\t\t\t<\/div>\n\t\t\t\t<div class=\"elementor-element elementor-element-b9a2b8d elementor-widget elementor-widget-heading\" data-id=\"b9a2b8d\" data-element_type=\"widget\" data-e-type=\"widget\" data-widget_type=\"heading.default\">\n\t\t\t\t<div class=\"elementor-widget-container\">\n\t\t\t\t\t<h2 class=\"elementor-heading-title elementor-size-default\">Steps for Your Medical Checkup<\/h2>\t\t\t\t<\/div>\n\t\t\t\t<\/div>\n\t\t\t\t<div class=\"elementor-element elementor-element-b2b3301 elementor-widget elementor-widget-text-editor\" data-id=\"b2b3301\" data-element_type=\"widget\" data-e-type=\"widget\" data-widget_type=\"text-editor.default\">\n\t\t\t\t<div class=\"elementor-widget-container\">\n\t\t\t\t\t\t\t\t\t<ol><li><strong>Schedule your appointment:<\/strong> <a href=\"https:\/\/clinicahispanametroplex.com\/en_en\/contacto\/\">Calls<\/a> o <a href=\"https:\/\/clinicahispanametroplex.com\/en_en\/reserva\/\">fill out our online form<\/a>.<\/li><li><strong>Bring your documents:<\/strong> Identification, medical history and vaccinations.<\/li><li><strong>Take your exam:<\/strong> Includes testing and vaccination if necessary.<\/li><li><strong>Pick up your Form I-693:<\/strong> Sealed and ready to send to USCIS.<\/li><\/ol>\t\t\t\t\t\t\t\t<\/div>\n\t\t\t\t<\/div>\n\t\t\t\t<div class=\"elementor-element elementor-element-c21b171 elementor-widget elementor-widget-heading\" data-id=\"c21b171\" data-element_type=\"widget\" data-e-type=\"widget\" data-widget_type=\"heading.default\">\n\t\t\t\t<div class=\"elementor-widget-container\">\n\t\t\t\t\t<h2 class=\"elementor-heading-title elementor-size-default\">Frequently Asked Questions <\/h2>\t\t\t\t<\/div>\n\t\t\t\t<\/div>\n\t\t\t\t<div class=\"elementor-element elementor-element-2e279af elementor-widget elementor-widget-text-editor\" data-id=\"2e279af\" data-element_type=\"widget\" data-e-type=\"widget\" data-widget_type=\"text-editor.default\">\n\t\t\t\t<div class=\"elementor-widget-container\">\n\t\t\t\t\t\t\t\t\t<p><strong>What documents should I bring?<\/strong><\/p><ul><li>Valid identification (passport or driver&#039;s license).<\/li><li>Vaccination history (if you have it).<\/li><\/ul><p><strong>How long does the process take?<\/strong><\/p><p>The medical exam can be completed in a single day, and you&#039;ll have your form ready in 3 to 5 business days.<\/p><p><a href=\"https:\/\/clinicahispanametroplex.com\/en_en\/reserva\/\">Schedule your appointment today!<\/a><\/p><p>Don&#039;t let the medical checkup delay your path to residency.<\/p><p><a href=\"https:\/\/clinicahispanametroplex.com\/en_en\/contacto\/\">Call now<\/a> or schedule your appointment online to start your process.<\/p>\t\t\t\t\t\t\t\t<\/div>\n\t\t\t\t<\/div>\n\t\t\t\t\t<\/div>\n\t\t\t\t<\/div>\n\t\t\t\t<\/div>","protected":false},"excerpt":{"rendered":"<p>Chequeo m\u00e9dico de inmigraci\u00f3n para la residencia En nuestras cl\u00ednicas en Dallas y Fort Worth, ofrecemos el chequeo m\u00e9dico de inmigraci\u00f3n autorizado por USCIS con atenci\u00f3n r\u00e1pida, precios accesibles y m\u00e9dicos certificados. Agenda tu cita hoy \u00bfQu\u00e9 es el chequeo m\u00e9dico para la residencia? Es un requisito obligatorio establecido por USCIS para quienes est\u00e1n en [&hellip;]<\/p>\n","protected":false},"author":2,"featured_media":0,"parent":0,"menu_order":0,"comment_status":"closed","ping_status":"closed","template":"","meta":{"nf_dc_page":"","site-sidebar-layout":"no-sidebar","site-content-layout":"page-builder","ast-site-content-layout":"full-width-container","site-content-style":"default","site-sidebar-style":"default","ast-global-header-display":"","ast-banner-title-visibility":"","ast-main-header-display":"","ast-hfb-above-header-display":"","ast-hfb-below-header-display":"","ast-hfb-mobile-header-display":"","site-post-title":"disabled","ast-breadcrumbs-content":"","ast-featured-img":"disabled","footer-sml-layout":"","ast-disable-related-posts":"","theme-transparent-header-meta":"","adv-header-id-meta":"","stick-header-meta":"","header-above-stick-meta":"","header-main-stick-meta":"","header-below-stick-meta":"","astra-migrate-meta-layouts":"set","ast-page-background-enabled":"default","ast-page-background-meta":{"desktop":{"background-color":"","background-image":"","background-repeat":"repeat","background-position":"center center","background-size":"auto","background-attachment":"scroll","background-type":"","background-media":"","overlay-type":"","overlay-color":"","overlay-opacity":"","overlay-gradient":""},"tablet":{"background-color":"","background-image":"","background-repeat":"repeat","background-position":"center center","background-size":"auto","background-attachment":"scroll","background-type":"","background-media":"","overlay-type":"","overlay-color":"","overlay-opacity":"","overlay-gradient":""},"mobile":{"background-color":"","background-image":"","background-repeat":"repeat","background-position":"center center","background-size":"auto","background-attachment":"scroll","background-type":"","background-media":"","overlay-type":"","overlay-color":"","overlay-opacity":"","overlay-gradient":""}},"ast-content-background-meta":{"desktop":{"background-color":"var(--ast-global-color-5)","background-image":"","background-repeat":"repeat","background-position":"center center","background-size":"auto","background-attachment":"scroll","background-type":"","background-media":"","overlay-type":"","overlay-color":"","overlay-opacity":"","overlay-gradient":""},"tablet":{"background-color":"var(--ast-global-color-5)","background-image":"","background-repeat":"repeat","background-position":"center center","background-size":"auto","background-attachment":"scroll","background-type":"","background-media":"","overlay-type":"","overlay-color":"","overlay-opacity":"","overlay-gradient":""},"mobile":{"background-color":"var(--ast-global-color-5)","background-image":"","background-repeat":"repeat","background-position":"center center","background-size":"auto","background-attachment":"scroll","background-type":"","background-media":"","overlay-type":"","overlay-color":"","overlay-opacity":"","overlay-gradient":""}},"footnotes":""},"class_list":["post-4373","page","type-page","status-publish","hentry"],"yoast_head":"<!-- This site is optimized with the Yoast SEO plugin v27.3 - https:\/\/yoast.com\/product\/yoast-seo-wordpress\/ -->\n<title>Examen m\u00e9dico de inmigraci\u00f3n - Clinica Hispana cerca de mi salud<\/title>\n<meta name=\"description\" content=\"En nuestras cl\u00ednicas en Dallas y Fort Worth, ofrecemos el chequeo m\u00e9dico de inmigraci\u00f3n autorizado por USCIS con atenci\u00f3n r\u00e1pida, precios accesibles y m\u00e9dicos certificados.\" \/>\n<meta name=\"robots\" content=\"index, follow, max-snippet:-1, max-image-preview:large, max-video-preview:-1\" \/>\n<link rel=\"canonical\" href=\"https:\/\/clinicahispanametroplex.com\/en_en\/examen-medico-de-inmigracion\/\" \/>\n<meta property=\"og:locale\" content=\"en_US\" \/>\n<meta property=\"og:type\" content=\"article\" \/>\n<meta property=\"og:title\" content=\"Examen m\u00e9dico de inmigraci\u00f3n - Clinica Hispana cerca de mi salud\" \/>\n<meta property=\"og:description\" content=\"En nuestras cl\u00ednicas en Dallas y Fort Worth, ofrecemos el chequeo m\u00e9dico de inmigraci\u00f3n autorizado por USCIS con atenci\u00f3n r\u00e1pida, precios accesibles y m\u00e9dicos certificados.\" \/>\n<meta property=\"og:url\" content=\"https:\/\/clinicahispanametroplex.com\/en_en\/examen-medico-de-inmigracion\/\" \/>\n<meta property=\"og:site_name\" content=\"Clinica Hispana cerca de mi salud\" \/>\n<meta property=\"article:modified_time\" content=\"2025-09-21T15:56:28+00:00\" \/>\n<meta property=\"og:image\" content=\"https:\/\/clinicahispanametroplex.com\/wp-content\/uploads\/2025\/01\/chequeo-medico-de-inmigracion-para-la-residencia.webp\" \/>\n\t<meta property=\"og:image:width\" content=\"1080\" \/>\n\t<meta property=\"og:image:height\" content=\"1080\" \/>\n\t<meta property=\"og:image:type\" content=\"image\/webp\" \/>\n<meta name=\"twitter:card\" content=\"summary_large_image\" \/>\n<meta name=\"twitter:label1\" content=\"Est. reading time\" \/>\n\t<meta name=\"twitter:data1\" content=\"2 minutes\" \/>\n<script type=\"application\/ld+json\" class=\"yoast-schema-graph\">{\"@context\":\"https:\\\/\\\/schema.org\",\"@graph\":[{\"@type\":\"WebPage\",\"@id\":\"https:\\\/\\\/clinicahispanametroplex.com\\\/examen-medico-de-inmigracion\\\/\",\"url\":\"https:\\\/\\\/clinicahispanametroplex.com\\\/examen-medico-de-inmigracion\\\/\",\"name\":\"Examen m\u00e9dico de inmigraci\u00f3n - Clinica Hispana cerca de mi salud\",\"isPartOf\":{\"@id\":\"https:\\\/\\\/clinicahispanametroplex.com\\\/#website\"},\"primaryImageOfPage\":{\"@id\":\"https:\\\/\\\/clinicahispanametroplex.com\\\/examen-medico-de-inmigracion\\\/#primaryimage\"},\"image\":{\"@id\":\"https:\\\/\\\/clinicahispanametroplex.com\\\/examen-medico-de-inmigracion\\\/#primaryimage\"},\"thumbnailUrl\":\"https:\\\/\\\/clinicahispanametroplex.com\\\/wp-content\\\/uploads\\\/2025\\\/01\\\/chequeo-medico-de-inmigracion-para-la-residencia-300x300.webp\",\"datePublished\":\"2025-01-24T16:24:04+00:00\",\"dateModified\":\"2025-09-21T15:56:28+00:00\",\"description\":\"En nuestras cl\u00ednicas en Dallas y Fort Worth, ofrecemos el chequeo m\u00e9dico de inmigraci\u00f3n autorizado por USCIS con atenci\u00f3n r\u00e1pida, precios accesibles y m\u00e9dicos certificados.\",\"breadcrumb\":{\"@id\":\"https:\\\/\\\/clinicahispanametroplex.com\\\/examen-medico-de-inmigracion\\\/#breadcrumb\"},\"inLanguage\":\"en-US\",\"potentialAction\":[{\"@type\":\"ReadAction\",\"target\":[\"https:\\\/\\\/clinicahispanametroplex.com\\\/examen-medico-de-inmigracion\\\/\"]}]},{\"@type\":\"ImageObject\",\"inLanguage\":\"en-US\",\"@id\":\"https:\\\/\\\/clinicahispanametroplex.com\\\/examen-medico-de-inmigracion\\\/#primaryimage\",\"url\":\"https:\\\/\\\/clinicahispanametroplex.com\\\/wp-content\\\/uploads\\\/2025\\\/01\\\/chequeo-medico-de-inmigracion-para-la-residencia-300x300.webp\",\"contentUrl\":\"https:\\\/\\\/clinicahispanametroplex.com\\\/wp-content\\\/uploads\\\/2025\\\/01\\\/chequeo-medico-de-inmigracion-para-la-residencia-300x300.webp\"},{\"@type\":\"BreadcrumbList\",\"@id\":\"https:\\\/\\\/clinicahispanametroplex.com\\\/examen-medico-de-inmigracion\\\/#breadcrumb\",\"itemListElement\":[{\"@type\":\"ListItem\",\"position\":1,\"name\":\"Portada\",\"item\":\"https:\\\/\\\/clinicahispanametroplex.com\\\/\"},{\"@type\":\"ListItem\",\"position\":2,\"name\":\"Examen m\u00e9dico de inmigraci\u00f3n\"}]},{\"@type\":\"WebSite\",\"@id\":\"https:\\\/\\\/clinicahispanametroplex.com\\\/#website\",\"url\":\"https:\\\/\\\/clinicahispanametroplex.com\\\/\",\"name\":\"Clinica Hispana cerca de mi salud\",\"description\":\"Cl\u00ednica Hispana cerca de las familias latinas\",\"publisher\":{\"@id\":\"https:\\\/\\\/clinicahispanametroplex.com\\\/#organization\"},\"potentialAction\":[{\"@type\":\"SearchAction\",\"target\":{\"@type\":\"EntryPoint\",\"urlTemplate\":\"https:\\\/\\\/clinicahispanametroplex.com\\\/?s={search_term_string}\"},\"query-input\":{\"@type\":\"PropertyValueSpecification\",\"valueRequired\":true,\"valueName\":\"search_term_string\"}}],\"inLanguage\":\"en-US\"},{\"@type\":\"Organization\",\"@id\":\"https:\\\/\\\/clinicahispanametroplex.com\\\/#organization\",\"name\":\"C\u00ednica Hispana del Metroplex\",\"url\":\"https:\\\/\\\/clinicahispanametroplex.com\\\/\",\"logo\":{\"@type\":\"ImageObject\",\"inLanguage\":\"en-US\",\"@id\":\"https:\\\/\\\/clinicahispanametroplex.com\\\/#\\\/schema\\\/logo\\\/image\\\/\",\"url\":\"https:\\\/\\\/clinicahispanametroplex.com\\\/wp-content\\\/uploads\\\/2022\\\/04\\\/ico-2.png\",\"contentUrl\":\"https:\\\/\\\/clinicahispanametroplex.com\\\/wp-content\\\/uploads\\\/2022\\\/04\\\/ico-2.png\",\"width\":512,\"height\":512,\"caption\":\"C\u00ednica Hispana del Metroplex\"},\"image\":{\"@id\":\"https:\\\/\\\/clinicahispanametroplex.com\\\/#\\\/schema\\\/logo\\\/image\\\/\"}}]}<\/script>\n<!-- \/ Yoast SEO plugin. -->","yoast_head_json":{"title":"Examen m\u00e9dico de inmigraci\u00f3n - Clinica Hispana cerca de mi salud","description":"At our clinics in Dallas and Fort Worth, we offer USCIS-authorized immigration medical checkups with fast service, affordable prices, and certified physicians.","robots":{"index":"index","follow":"follow","max-snippet":"max-snippet:-1","max-image-preview":"max-image-preview:large","max-video-preview":"max-video-preview:-1"},"canonical":"https:\/\/clinicahispanametroplex.com\/en_en\/examen-medico-de-inmigracion\/","og_locale":"en_US","og_type":"article","og_title":"Examen m\u00e9dico de inmigraci\u00f3n - Clinica Hispana cerca de mi salud","og_description":"En nuestras cl\u00ednicas en Dallas y Fort Worth, ofrecemos el chequeo m\u00e9dico de inmigraci\u00f3n autorizado por USCIS con atenci\u00f3n r\u00e1pida, precios accesibles y m\u00e9dicos certificados.","og_url":"https:\/\/clinicahispanametroplex.com\/en_en\/examen-medico-de-inmigracion\/","og_site_name":"Clinica Hispana cerca de mi salud","article_modified_time":"2025-09-21T15:56:28+00:00","og_image":[{"width":1080,"height":1080,"url":"https:\/\/clinicahispanametroplex.com\/wp-content\/uploads\/2025\/01\/chequeo-medico-de-inmigracion-para-la-residencia.webp","type":"image\/webp"}],"twitter_card":"summary_large_image","twitter_misc":{"Est. reading time":"2 minutes"},"schema":{"@context":"https:\/\/schema.org","@graph":[{"@type":"WebPage","@id":"https:\/\/clinicahispanametroplex.com\/examen-medico-de-inmigracion\/","url":"https:\/\/clinicahispanametroplex.com\/examen-medico-de-inmigracion\/","name":"Examen m\u00e9dico de inmigraci\u00f3n - Clinica Hispana cerca de mi salud","isPartOf":{"@id":"https:\/\/clinicahispanametroplex.com\/#website"},"primaryImageOfPage":{"@id":"https:\/\/clinicahispanametroplex.com\/examen-medico-de-inmigracion\/#primaryimage"},"image":{"@id":"https:\/\/clinicahispanametroplex.com\/examen-medico-de-inmigracion\/#primaryimage"},"thumbnailUrl":"https:\/\/clinicahispanametroplex.com\/wp-content\/uploads\/2025\/01\/chequeo-medico-de-inmigracion-para-la-residencia-300x300.webp","datePublished":"2025-01-24T16:24:04+00:00","dateModified":"2025-09-21T15:56:28+00:00","description":"At our clinics in Dallas and Fort Worth, we offer USCIS-authorized immigration medical checkups with fast service, affordable prices, and certified physicians.","breadcrumb":{"@id":"https:\/\/clinicahispanametroplex.com\/examen-medico-de-inmigracion\/#breadcrumb"},"inLanguage":"en-US","potentialAction":[{"@type":"ReadAction","target":["https:\/\/clinicahispanametroplex.com\/examen-medico-de-inmigracion\/"]}]},{"@type":"ImageObject","inLanguage":"en-US","@id":"https:\/\/clinicahispanametroplex.com\/examen-medico-de-inmigracion\/#primaryimage","url":"https:\/\/clinicahispanametroplex.com\/wp-content\/uploads\/2025\/01\/chequeo-medico-de-inmigracion-para-la-residencia-300x300.webp","contentUrl":"https:\/\/clinicahispanametroplex.com\/wp-content\/uploads\/2025\/01\/chequeo-medico-de-inmigracion-para-la-residencia-300x300.webp"},{"@type":"BreadcrumbList","@id":"https:\/\/clinicahispanametroplex.com\/examen-medico-de-inmigracion\/#breadcrumb","itemListElement":[{"@type":"ListItem","position":1,"name":"Portada","item":"https:\/\/clinicahispanametroplex.com\/"},{"@type":"ListItem","position":2,"name":"Examen m\u00e9dico de inmigraci\u00f3n"}]},{"@type":"WebSite","@id":"https:\/\/clinicahispanametroplex.com\/#website","url":"https:\/\/clinicahispanametroplex.com\/","name":"Hispanic Clinic near my health","description":"Hispanic Clinic near Latino families","publisher":{"@id":"https:\/\/clinicahispanametroplex.com\/#organization"},"potentialAction":[{"@type":"SearchAction","target":{"@type":"EntryPoint","urlTemplate":"https:\/\/clinicahispanametroplex.com\/?s={search_term_string}"},"query-input":{"@type":"PropertyValueSpecification","valueRequired":true,"valueName":"search_term_string"}}],"inLanguage":"en-US"},{"@type":"Organization","@id":"https:\/\/clinicahispanametroplex.com\/#organization","name":"Hispanic Clinic of the Metroplex","url":"https:\/\/clinicahispanametroplex.com\/","logo":{"@type":"ImageObject","inLanguage":"en-US","@id":"https:\/\/clinicahispanametroplex.com\/#\/schema\/logo\/image\/","url":"https:\/\/clinicahispanametroplex.com\/wp-content\/uploads\/2022\/04\/ico-2.png","contentUrl":"https:\/\/clinicahispanametroplex.com\/wp-content\/uploads\/2022\/04\/ico-2.png","width":512,"height":512,"caption":"C\u00ednica Hispana del Metroplex"},"image":{"@id":"https:\/\/clinicahispanametroplex.com\/#\/schema\/logo\/image\/"}}]}},"_links":{"self":[{"href":"https:\/\/clinicahispanametroplex.com\/en_en\/wp-json\/wp\/v2\/pages\/4373","targetHints":{"allow":["GET"]}}],"collection":[{"href":"https:\/\/clinicahispanametroplex.com\/en_en\/wp-json\/wp\/v2\/pages"}],"about":[{"href":"https:\/\/clinicahispanametroplex.com\/en_en\/wp-json\/wp\/v2\/types\/page"}],"author":[{"embeddable":true,"href":"https:\/\/clinicahispanametroplex.com\/en_en\/wp-json\/wp\/v2\/users\/2"}],"replies":[{"embeddable":true,"href":"https:\/\/clinicahispanametroplex.com\/en_en\/wp-json\/wp\/v2\/comments?post=4373"}],"version-history":[{"count":0,"href":"https:\/\/clinicahispanametroplex.com\/en_en\/wp-json\/wp\/v2\/pages\/4373\/revisions"}],"wp:attachment":[{"href":"https:\/\/clinicahispanametroplex.com\/en_en\/wp-json\/wp\/v2\/media?parent=4373"}],"curies":[{"name":"wp","href":"https:\/\/api.w.org\/{rel}","templated":true}]}}