{"id":1756,"date":"2022-09-24T03:17:21","date_gmt":"2022-09-24T03:17:21","guid":{"rendered":"https:\/\/clinicahispanametroplex.com\/?page_id=1756"},"modified":"2023-05-27T16:08:02","modified_gmt":"2023-05-27T16:08:02","slug":"politica-de-privacidad","status":"publish","type":"page","link":"https:\/\/clinicahispanametroplex.com\/en_en\/politica-de-privacidad\/","title":{"rendered":"Privacy policy"},"content":{"rendered":"<h2 class=\"wp-block-heading\">Who we are<\/h2>\n\n\n\n<p>Our website address is: https:\/\/clinicahispanametroplex.com.<\/p>\n\n\n\n<h2 class=\"wp-block-heading\">Comments<\/h2>\n\n\n\n<p>When visitors leave comments on the website, we collect the data shown in the comments form, as well as the visitor&#039;s IP address and browser user agent string to help spam detection.<\/p>\n\n\n\n<p>An anonymized string created from your email address (also called a hash) may be provided to the Gravatar service to see if you are using it. The Gravatar service privacy policy is available here: https:\/\/automattic.com\/privacy\/. After approval of your comment, your profile picture is visible to the public in the context of your comment.<\/p>\n\n\n\n<h2 class=\"wp-block-heading\">Media<\/h2>\n\n\n\n<p>If you upload images to the web, you should avoid uploading images with embedded location data (GPS EXIF). Website visitors can download and extract any location data from images on the site.<\/p>\n\n\n\n<h2 class=\"wp-block-heading\">Cookies<\/h2>\n\n\n\n<p>If you leave a comment on our site, you can choose to save your name, email address, and website in cookies. This is for your convenience so you don&#039;t have to re-enter your details when you leave another comment. These cookies will last for one year.<\/p>\n\n\n\n<p>If you have an account and log in to this site, we will set a temporary cookie to determine if your browser accepts cookies. This cookie contains no personal data and is discarded when you close your browser.<\/p>\n\n\n\n<p>When you log in, we will also set several cookies to save your login information and your screen display choices. Login cookies last for two days, and screen options cookies last for one year. If you select &quot;Remember Me,&quot; your login will persist for two weeks. If you log out of your account, the login cookies will be removed.<\/p>\n\n\n\n<p>If you edit or publish an article, an additional cookie will be stored in your browser. This cookie contains no personal data and simply indicates the ID of the article you just edited. It expires after 1 day.<\/p>\n\n\n\n<h2 class=\"wp-block-heading\">Embedded content from other websites<\/h2>\n\n\n\n<p>Articles on this site may include embedded content (e.g., videos, images, articles, etc.). Embedded content from other websites behaves in the exact same way as if the visitor had visited the other website.<\/p>\n\n\n\n<p>These websites may collect data about you, use cookies, embed additional third-party tracking, and monitor your interaction with that embedded content, including tracking your interaction with the embedded content if you have an account and are logged in to that website.<\/p>\n\n\n\n<h2 class=\"wp-block-heading\">Who we share your data with<\/h2>\n\n\n\n<p>If you request a password reset, your IP address will be included in the reset email.<\/p>\n\n\n\n<h2 class=\"wp-block-heading\">How long do we keep your data?<\/h2>\n\n\n\n<p>If you leave a comment, the comment and its metadata are retained indefinitely. This is so we can automatically recognize and approve follow-up comments, instead of holding them in a moderation queue.<\/p>\n\n\n\n<p>For users who register on our website (if any), we also store the personal information they provide in their user profile. All users can view, edit, or delete their personal information at any time (except they cannot change their username). Website administrators can also view and edit this information.<\/p>\n\n\n\n<h2 class=\"wp-block-heading\">What rights do you have over your data?<\/h2>\n\n\n\n<p>If you have an account or have left comments on this website, you can request to receive an exported file of the personal data we hold about you, including any data you have provided to us. You can also request that we delete any personal data we hold about you. This does not include any data we are required to keep for administrative, legal, or security purposes.<\/p>\n\n\n\n<h2 class=\"wp-block-heading\">Where your data is sent<\/h2>\n\n\n\n<p>Visitor comments may be reviewed by an automated spam detection service.<\/p>","protected":false},"excerpt":{"rendered":"<p>Qui\u00e9nes somos La direcci\u00f3n de nuestra web es: https:\/\/clinicahispanametroplex.com. Comentarios Cuando los visitantes dejan comentarios en la web, recopilamos los datos que se muestran en el formulario de comentarios, as\u00ed como la direcci\u00f3n IP del visitante y la cadena de agentes de usuario del navegador para ayudar a la detecci\u00f3n de spam. Una cadena an\u00f3nima [&hellip;]<\/p>\n","protected":false},"author":2,"featured_media":1659,"parent":0,"menu_order":0,"comment_status":"closed","ping_status":"closed","template":"","meta":{"nf_dc_page":"","site-sidebar-layout":"default","site-content-layout":"","ast-site-content-layout":"default","site-content-style":"default","site-sidebar-style":"default","ast-global-header-display":"","ast-banner-title-visibility":"","ast-main-header-display":"","ast-hfb-above-header-display":"","ast-hfb-below-header-display":"","ast-hfb-mobile-header-display":"","site-post-title":"","ast-breadcrumbs-content":"","ast-featured-img":"disabled","footer-sml-layout":"","ast-disable-related-posts":"","theme-transparent-header-meta":"","adv-header-id-meta":"","stick-header-meta":"","header-above-stick-meta":"","header-main-stick-meta":"","header-below-stick-meta":"","astra-migrate-meta-layouts":"default","ast-page-background-enabled":"default","ast-page-background-meta":{"desktop":{"background-color":"","background-image":"","background-repeat":"repeat","background-position":"center center","background-size":"auto","background-attachment":"scroll","background-type":"","background-media":"","overlay-type":"","overlay-color":"","overlay-opacity":"","overlay-gradient":""},"tablet":{"background-color":"","background-image":"","background-repeat":"repeat","background-position":"center center","background-size":"auto","background-attachment":"scroll","background-type":"","background-media":"","overlay-type":"","overlay-color":"","overlay-opacity":"","overlay-gradient":""},"mobile":{"background-color":"","background-image":"","background-repeat":"repeat","background-position":"center center","background-size":"auto","background-attachment":"scroll","background-type":"","background-media":"","overlay-type":"","overlay-color":"","overlay-opacity":"","overlay-gradient":""}},"ast-content-background-meta":{"desktop":{"background-color":"var(--ast-global-color-5)","background-image":"","background-repeat":"repeat","background-position":"center center","background-size":"auto","background-attachment":"scroll","background-type":"","background-media":"","overlay-type":"","overlay-color":"","overlay-opacity":"","overlay-gradient":""},"tablet":{"background-color":"var(--ast-global-color-5)","background-image":"","background-repeat":"repeat","background-position":"center center","background-size":"auto","background-attachment":"scroll","background-type":"","background-media":"","overlay-type":"","overlay-color":"","overlay-opacity":"","overlay-gradient":""},"mobile":{"background-color":"var(--ast-global-color-5)","background-image":"","background-repeat":"repeat","background-position":"center center","background-size":"auto","background-attachment":"scroll","background-type":"","background-media":"","overlay-type":"","overlay-color":"","overlay-opacity":"","overlay-gradient":""}},"footnotes":""},"class_list":["post-1756","page","type-page","status-publish","has-post-thumbnail","hentry"],"yoast_head":"<!-- This site is optimized with the Yoast SEO plugin v27.3 - https:\/\/yoast.com\/product\/yoast-seo-wordpress\/ -->\n<title>Pol\u00edtica de privacidad - Clinica Hispana cerca de mi salud<\/title>\n<meta name=\"description\" content=\"En Cl\u00ednica Hispana del Metroplex crecemos para estar m\u00e1s cerca de todas las familias, por lo que velamos desde el primer d\u00eda por tu seguridad, por lo que definimos pol\u00edticas de privacidad de nuestras cl\u00ednicas de salud para seguir mejorando.\" \/>\n<meta name=\"robots\" content=\"index, follow, max-snippet:-1, max-image-preview:large, max-video-preview:-1\" \/>\n<link rel=\"canonical\" href=\"https:\/\/clinicahispanametroplex.com\/en_en\/politica-de-privacidad\/\" \/>\n<meta property=\"og:locale\" content=\"en_US\" \/>\n<meta property=\"og:type\" content=\"article\" \/>\n<meta property=\"og:title\" content=\"Pol\u00edtica de privacidad - Clinica Hispana cerca de mi salud\" \/>\n<meta property=\"og:description\" content=\"En Cl\u00ednica Hispana del Metroplex crecemos para estar m\u00e1s cerca de todas las familias, por lo que velamos desde el primer d\u00eda por tu seguridad, por lo que definimos pol\u00edticas de privacidad de nuestras cl\u00ednicas de salud para seguir mejorando.\" \/>\n<meta property=\"og:url\" content=\"https:\/\/clinicahispanametroplex.com\/en_en\/politica-de-privacidad\/\" \/>\n<meta property=\"og:site_name\" content=\"Clinica Hispana cerca de mi salud\" \/>\n<meta property=\"article:modified_time\" content=\"2023-05-27T16:08:02+00:00\" \/>\n<meta property=\"og:image\" content=\"https:\/\/clinicahispanametroplex.com\/wp-content\/uploads\/2022\/09\/reserva-1.jpg\" \/>\n\t<meta property=\"og:image:width\" content=\"1920\" \/>\n\t<meta property=\"og:image:height\" content=\"800\" \/>\n\t<meta property=\"og:image:type\" content=\"image\/jpeg\" \/>\n<meta name=\"twitter:card\" content=\"summary_large_image\" \/>\n<meta name=\"twitter:label1\" content=\"Est. reading time\" \/>\n\t<meta name=\"twitter:data1\" content=\"3 minutes\" \/>\n<script type=\"application\/ld+json\" class=\"yoast-schema-graph\">{\"@context\":\"https:\\\/\\\/schema.org\",\"@graph\":[{\"@type\":\"WebPage\",\"@id\":\"https:\\\/\\\/clinicahispanametroplex.com\\\/politica-de-privacidad\\\/\",\"url\":\"https:\\\/\\\/clinicahispanametroplex.com\\\/politica-de-privacidad\\\/\",\"name\":\"Pol\u00edtica de privacidad - Clinica Hispana cerca de mi salud\",\"isPartOf\":{\"@id\":\"https:\\\/\\\/clinicahispanametroplex.com\\\/#website\"},\"primaryImageOfPage\":{\"@id\":\"https:\\\/\\\/clinicahispanametroplex.com\\\/politica-de-privacidad\\\/#primaryimage\"},\"image\":{\"@id\":\"https:\\\/\\\/clinicahispanametroplex.com\\\/politica-de-privacidad\\\/#primaryimage\"},\"thumbnailUrl\":\"https:\\\/\\\/clinicahispanametroplex.com\\\/wp-content\\\/uploads\\\/2022\\\/09\\\/reserva-1.jpg\",\"datePublished\":\"2022-09-24T03:17:21+00:00\",\"dateModified\":\"2023-05-27T16:08:02+00:00\",\"description\":\"En Cl\u00ednica Hispana del Metroplex crecemos para estar m\u00e1s cerca de todas las familias, por lo que velamos desde el primer d\u00eda por tu seguridad, por lo que definimos pol\u00edticas de privacidad de nuestras cl\u00ednicas de salud para seguir mejorando.\",\"breadcrumb\":{\"@id\":\"https:\\\/\\\/clinicahispanametroplex.com\\\/politica-de-privacidad\\\/#breadcrumb\"},\"inLanguage\":\"en-US\",\"potentialAction\":[{\"@type\":\"ReadAction\",\"target\":[\"https:\\\/\\\/clinicahispanametroplex.com\\\/politica-de-privacidad\\\/\"]}]},{\"@type\":\"ImageObject\",\"inLanguage\":\"en-US\",\"@id\":\"https:\\\/\\\/clinicahispanametroplex.com\\\/politica-de-privacidad\\\/#primaryimage\",\"url\":\"https:\\\/\\\/clinicahispanametroplex.com\\\/wp-content\\\/uploads\\\/2022\\\/09\\\/reserva-1.jpg\",\"contentUrl\":\"https:\\\/\\\/clinicahispanametroplex.com\\\/wp-content\\\/uploads\\\/2022\\\/09\\\/reserva-1.jpg\",\"width\":1920,\"height\":800,\"caption\":\"politicas de privacidad de clinica hispana\"},{\"@type\":\"BreadcrumbList\",\"@id\":\"https:\\\/\\\/clinicahispanametroplex.com\\\/politica-de-privacidad\\\/#breadcrumb\",\"itemListElement\":[{\"@type\":\"ListItem\",\"position\":1,\"name\":\"Portada\",\"item\":\"https:\\\/\\\/clinicahispanametroplex.com\\\/\"},{\"@type\":\"ListItem\",\"position\":2,\"name\":\"Pol\u00edtica de privacidad\"}]},{\"@type\":\"WebSite\",\"@id\":\"https:\\\/\\\/clinicahispanametroplex.com\\\/#website\",\"url\":\"https:\\\/\\\/clinicahispanametroplex.com\\\/\",\"name\":\"Clinica Hispana cerca de mi salud\",\"description\":\"Cl\u00ednica Hispana cerca de las familias latinas\",\"publisher\":{\"@id\":\"https:\\\/\\\/clinicahispanametroplex.com\\\/#organization\"},\"potentialAction\":[{\"@type\":\"SearchAction\",\"target\":{\"@type\":\"EntryPoint\",\"urlTemplate\":\"https:\\\/\\\/clinicahispanametroplex.com\\\/?s={search_term_string}\"},\"query-input\":{\"@type\":\"PropertyValueSpecification\",\"valueRequired\":true,\"valueName\":\"search_term_string\"}}],\"inLanguage\":\"en-US\"},{\"@type\":\"Organization\",\"@id\":\"https:\\\/\\\/clinicahispanametroplex.com\\\/#organization\",\"name\":\"C\u00ednica Hispana del Metroplex\",\"url\":\"https:\\\/\\\/clinicahispanametroplex.com\\\/\",\"logo\":{\"@type\":\"ImageObject\",\"inLanguage\":\"en-US\",\"@id\":\"https:\\\/\\\/clinicahispanametroplex.com\\\/#\\\/schema\\\/logo\\\/image\\\/\",\"url\":\"https:\\\/\\\/clinicahispanametroplex.com\\\/wp-content\\\/uploads\\\/2022\\\/04\\\/ico-2.png\",\"contentUrl\":\"https:\\\/\\\/clinicahispanametroplex.com\\\/wp-content\\\/uploads\\\/2022\\\/04\\\/ico-2.png\",\"width\":512,\"height\":512,\"caption\":\"C\u00ednica Hispana del Metroplex\"},\"image\":{\"@id\":\"https:\\\/\\\/clinicahispanametroplex.com\\\/#\\\/schema\\\/logo\\\/image\\\/\"}}]}<\/script>\n<!-- \/ Yoast SEO plugin. -->","yoast_head_json":{"title":"Pol\u00edtica de privacidad - Clinica Hispana cerca de mi salud","description":"En Cl\u00ednica Hispana del Metroplex crecemos para estar m\u00e1s cerca de todas las familias, por lo que velamos desde el primer d\u00eda por tu seguridad, por lo que definimos pol\u00edticas de privacidad de nuestras cl\u00ednicas de salud para seguir mejorando.","robots":{"index":"index","follow":"follow","max-snippet":"max-snippet:-1","max-image-preview":"max-image-preview:large","max-video-preview":"max-video-preview:-1"},"canonical":"https:\/\/clinicahispanametroplex.com\/en_en\/politica-de-privacidad\/","og_locale":"en_US","og_type":"article","og_title":"Pol\u00edtica de privacidad - Clinica Hispana cerca de mi salud","og_description":"En Cl\u00ednica Hispana del Metroplex crecemos para estar m\u00e1s cerca de todas las familias, por lo que velamos desde el primer d\u00eda por tu seguridad, por lo que definimos pol\u00edticas de privacidad de nuestras cl\u00ednicas de salud para seguir mejorando.","og_url":"https:\/\/clinicahispanametroplex.com\/en_en\/politica-de-privacidad\/","og_site_name":"Clinica Hispana cerca de mi salud","article_modified_time":"2023-05-27T16:08:02+00:00","og_image":[{"width":1920,"height":800,"url":"https:\/\/clinicahispanametroplex.com\/wp-content\/uploads\/2022\/09\/reserva-1.jpg","type":"image\/jpeg"}],"twitter_card":"summary_large_image","twitter_misc":{"Est. reading time":"3 minutes"},"schema":{"@context":"https:\/\/schema.org","@graph":[{"@type":"WebPage","@id":"https:\/\/clinicahispanametroplex.com\/politica-de-privacidad\/","url":"https:\/\/clinicahispanametroplex.com\/politica-de-privacidad\/","name":"Pol\u00edtica de privacidad - Clinica Hispana cerca de mi salud","isPartOf":{"@id":"https:\/\/clinicahispanametroplex.com\/#website"},"primaryImageOfPage":{"@id":"https:\/\/clinicahispanametroplex.com\/politica-de-privacidad\/#primaryimage"},"image":{"@id":"https:\/\/clinicahispanametroplex.com\/politica-de-privacidad\/#primaryimage"},"thumbnailUrl":"https:\/\/clinicahispanametroplex.com\/wp-content\/uploads\/2022\/09\/reserva-1.jpg","datePublished":"2022-09-24T03:17:21+00:00","dateModified":"2023-05-27T16:08:02+00:00","description":"En Cl\u00ednica Hispana del Metroplex crecemos para estar m\u00e1s cerca de todas las familias, por lo que velamos desde el primer d\u00eda por tu seguridad, por lo que definimos pol\u00edticas de privacidad de nuestras cl\u00ednicas de salud para seguir mejorando.","breadcrumb":{"@id":"https:\/\/clinicahispanametroplex.com\/politica-de-privacidad\/#breadcrumb"},"inLanguage":"en-US","potentialAction":[{"@type":"ReadAction","target":["https:\/\/clinicahispanametroplex.com\/politica-de-privacidad\/"]}]},{"@type":"ImageObject","inLanguage":"en-US","@id":"https:\/\/clinicahispanametroplex.com\/politica-de-privacidad\/#primaryimage","url":"https:\/\/clinicahispanametroplex.com\/wp-content\/uploads\/2022\/09\/reserva-1.jpg","contentUrl":"https:\/\/clinicahispanametroplex.com\/wp-content\/uploads\/2022\/09\/reserva-1.jpg","width":1920,"height":800,"caption":"politicas de privacidad de clinica hispana"},{"@type":"BreadcrumbList","@id":"https:\/\/clinicahispanametroplex.com\/politica-de-privacidad\/#breadcrumb","itemListElement":[{"@type":"ListItem","position":1,"name":"Portada","item":"https:\/\/clinicahispanametroplex.com\/"},{"@type":"ListItem","position":2,"name":"Pol\u00edtica de privacidad"}]},{"@type":"WebSite","@id":"https:\/\/clinicahispanametroplex.com\/#website","url":"https:\/\/clinicahispanametroplex.com\/","name":"Hispanic Clinic near my health","description":"Hispanic Clinic near Latino families","publisher":{"@id":"https:\/\/clinicahispanametroplex.com\/#organization"},"potentialAction":[{"@type":"SearchAction","target":{"@type":"EntryPoint","urlTemplate":"https:\/\/clinicahispanametroplex.com\/?s={search_term_string}"},"query-input":{"@type":"PropertyValueSpecification","valueRequired":true,"valueName":"search_term_string"}}],"inLanguage":"en-US"},{"@type":"Organization","@id":"https:\/\/clinicahispanametroplex.com\/#organization","name":"Hispanic Clinic of the Metroplex","url":"https:\/\/clinicahispanametroplex.com\/","logo":{"@type":"ImageObject","inLanguage":"en-US","@id":"https:\/\/clinicahispanametroplex.com\/#\/schema\/logo\/image\/","url":"https:\/\/clinicahispanametroplex.com\/wp-content\/uploads\/2022\/04\/ico-2.png","contentUrl":"https:\/\/clinicahispanametroplex.com\/wp-content\/uploads\/2022\/04\/ico-2.png","width":512,"height":512,"caption":"C\u00ednica Hispana del Metroplex"},"image":{"@id":"https:\/\/clinicahispanametroplex.com\/#\/schema\/logo\/image\/"}}]}},"_links":{"self":[{"href":"https:\/\/clinicahispanametroplex.com\/en_en\/wp-json\/wp\/v2\/pages\/1756","targetHints":{"allow":["GET"]}}],"collection":[{"href":"https:\/\/clinicahispanametroplex.com\/en_en\/wp-json\/wp\/v2\/pages"}],"about":[{"href":"https:\/\/clinicahispanametroplex.com\/en_en\/wp-json\/wp\/v2\/types\/page"}],"author":[{"embeddable":true,"href":"https:\/\/clinicahispanametroplex.com\/en_en\/wp-json\/wp\/v2\/users\/2"}],"replies":[{"embeddable":true,"href":"https:\/\/clinicahispanametroplex.com\/en_en\/wp-json\/wp\/v2\/comments?post=1756"}],"version-history":[{"count":0,"href":"https:\/\/clinicahispanametroplex.com\/en_en\/wp-json\/wp\/v2\/pages\/1756\/revisions"}],"wp:featuredmedia":[{"embeddable":true,"href":"https:\/\/clinicahispanametroplex.com\/en_en\/wp-json\/wp\/v2\/media\/1659"}],"wp:attachment":[{"href":"https:\/\/clinicahispanametroplex.com\/en_en\/wp-json\/wp\/v2\/media?parent=1756"}],"curies":[{"name":"wp","href":"https:\/\/api.w.org\/{rel}","templated":true}]}}